{"id":34654,"date":"2025-06-23T15:47:47","date_gmt":"2025-06-23T15:47:47","guid":{"rendered":"https:\/\/klever.ctemplate.com\/?page_id=34654"},"modified":"2025-08-19T11:58:36","modified_gmt":"2025-08-19T08:58:36","slug":"je-suis-acheteur","status":"publish","type":"page","link":"https:\/\/www.kleverpolymers.com\/fr\/je-suis-acheteur\/","title":{"rendered":"I&#8217;m Buyer"},"content":{"rendered":"<div data-elementor-type=\"wp-page\" data-elementor-id=\"34654\" class=\"elementor elementor-34654\">\n\t\t\t\t        <section class=\"elementor-section elementor-top-section elementor-element elementor-element-111eedc elementor-section-content-bottom elementor-section-height-min-height elementor-section-boxed elementor-section-height-default elementor-section-items-middle pxl-row-scroll-none pxl-zoom-point-false pxl-section-overflow-visible pxl-section-fix-none pxl-bg-color-none pxl-section-overlay-none\" data-id=\"111eedc\" data-element_type=\"section\" data-settings=\"{&quot;background_background&quot;:&quot;video&quot;,&quot;background_video_link&quot;:&quot;https:\\\/\\\/www.kleverpolymers.com\\\/wp-content\\\/uploads\\\/2025\\\/06\\\/klever-plymer-red.mp4&quot;,&quot;background_play_on_mobile&quot;:&quot;yes&quot;}\">\n\n                                <div class=\"elementor-background-video-container\">\n                                            <video class=\"elementor-background-video-hosted elementor-html5-video\" autoplay muted playsinline loop><\/video>\n                                    <\/div>\n                            <div class=\"elementor-background-overlay\"><\/div>\n            \n        <div class=\"pxl-section-bg-parallax\" data-parallax=\"{&quot;y&quot;:40}\"><\/div>        <div class=\"elementor-container elementor-column-gap-extended\">\n                <div class=\"elementor-column elementor-col-100 elementor-top-column elementor-element elementor-element-bf57869 pxl-column-none pxl-column-overflow-hidden-no\" data-id=\"bf57869\" data-element_type=\"column\">\r\n        <div class=\"elementor-widget-wrap elementor-element-populated\">\r\n                     \r\n        \t\t<div class=\"elementor-element elementor-element-cf3664c elementor-widget elementor-widget-pxl_heading\" data-id=\"cf3664c\" data-element_type=\"widget\" data-widget_type=\"pxl_heading.default\">\n\t\t\t\t<div class=\"elementor-widget-container\">\n\t\t\t\t\t\n<div id=\"pxl-pxl_heading-cf3664c-7576\" class=\"pxl-heading\">\n\t<div class=\"pxl-heading--inner\">\n\t\t\n\t\t<h3 class=\"pxl-item--title style-default highlight-default wow skewIn\" data-wow-delay=\"400ms\">\n\t\t\t<span class=\"pxl-heading--text\">\n\t\t\t\t\t\t\t\t\tAcheteurs\t\n\t\t\t\t\t\n\n\t\t\t<\/span>\n\t\t<\/h3>\n\t<\/div>\n<\/div>\t\t\t\t<\/div>\n\t\t\t\t<\/div>\n\t\t\t\t<div class=\"elementor-element elementor-element-61ba013 elementor-widget elementor-widget-pxl_text_editor\" data-id=\"61ba013\" data-element_type=\"widget\" data-widget_type=\"pxl_text_editor.default\">\n\t\t\t\t<div class=\"elementor-widget-container\">\n\t\t\t\t\t<div class=\"pxl-text-editor\">\n\t<div class=\"pxl-item--inner wow skewIn\" data-wow-delay=\"450ms\">\n\t\t<p>Achetez des polym\u00e8res recycl\u00e9s de haute qualit\u00e9, certifi\u00e9s ISCC PLUS, avec une tra\u00e7abilit\u00e9 compl\u00e8te et des donn\u00e9es d&#039;ACV. Klever Polymers offre un approvisionnement fiable, un support technique et une logistique sur mesure aux fabricants internationaux.<\/p>\t<\/div>\n<\/div>\t\t\t\t<\/div>\n\t\t\t\t<\/div>\n\t\t\t\t<div class=\"elementor-element elementor-element-c0b8a60 elementor-widget elementor-widget-pxl_divider\" data-id=\"c0b8a60\" data-element_type=\"widget\" data-widget_type=\"pxl_divider.default\">\n\t\t\t\t<div class=\"elementor-widget-container\">\n\t\t\t\t\t<div class=\"pxl-el-divider wow skewIn\" data-wow-delay=\"550ms\"><\/div>\t\t\t\t<\/div>\n\t\t\t\t<\/div>\n\t\t            <\/div>\r\n        <\/div>\r\n        \t\t\t<\/div>\n\t\t<\/section>\n\t\t        <section class=\"elementor-section elementor-inner-section elementor-element elementor-element-3a925b13 elementor-section-content-middle elementor-section-height-min-height elementor-section-boxed elementor-section-height-default pxl-row-scroll-none pxl-zoom-point-false pxl-section-overflow-visible pxl-section-fix-none pxl-bg-color-none pxl-section-overlay-none\" data-id=\"3a925b13\" data-element_type=\"section\">\n\n                \n                <div class=\"elementor-container elementor-column-gap-no\">\n                <div class=\"elementor-column elementor-col-66 elementor-inner-column elementor-element elementor-element-4b22c519 pxl-column-none pxl-column-overflow-hidden-no\" data-id=\"4b22c519\" data-element_type=\"column\">\r\n        <div class=\"elementor-widget-wrap elementor-element-populated\">\r\n                     \r\n        \t\t<div class=\"elementor-element elementor-element-7d2a1e79 elementor-widget elementor-widget-pxl_heading\" data-id=\"7d2a1e79\" data-element_type=\"widget\" data-widget_type=\"pxl_heading.default\">\n\t\t\t\t<div class=\"elementor-widget-container\">\n\t\t\t\t\t\n<div id=\"pxl-pxl_heading-7d2a1e79-5185\" class=\"pxl-heading\">\n\t<div class=\"pxl-heading--inner\">\n\t\t\n\t\t<h3 class=\"pxl-item--title style-default highlight-default wow skewIn\" data-wow-delay=\"230ms\">\n\t\t\t<span class=\"pxl-heading--text\">\n\t\t\t\t\t\t\t\t\tVotre source fiable de mati\u00e8res recycl\u00e9es haute performance et tra\u00e7ables\t\n\t\t\t\t\t\n\n\t\t\t<\/span>\n\t\t<\/h3>\n\t<\/div>\n<\/div>\t\t\t\t<\/div>\n\t\t\t\t<\/div>\n\t\t\t\t<div class=\"elementor-element elementor-element-7b1c3232 elementor-widget elementor-widget-pxl_divider\" data-id=\"7b1c3232\" data-element_type=\"widget\" data-widget_type=\"pxl_divider.default\">\n\t\t\t\t<div class=\"elementor-widget-container\">\n\t\t\t\t\t<div class=\"pxl-el-divider wow skewIn\" data-wow-delay=\"450ms\"><\/div>\t\t\t\t<\/div>\n\t\t\t\t<\/div>\n\t\t            <\/div>\r\n        <\/div>\r\n                <div class=\"elementor-column elementor-col-33 elementor-inner-column elementor-element elementor-element-730a4e8f pxl-column-none pxl-column-overflow-hidden-no\" data-id=\"730a4e8f\" data-element_type=\"column\" data-settings=\"{&quot;background_background&quot;:&quot;classic&quot;}\">\r\n        <div class=\"elementor-widget-wrap elementor-element-populated\">\r\n                     \r\n        \t\t<div class=\"elementor-element elementor-element-1439cc88 elementor-widget elementor-widget-pxl_text_editor\" data-id=\"1439cc88\" data-element_type=\"widget\" data-widget_type=\"pxl_text_editor.default\">\n\t\t\t\t<div class=\"elementor-widget-container\">\n\t\t\t\t\t<div class=\"pxl-text-editor\">\n\t<div class=\"pxl-item--inner\" data-wow-delay=\"ms\">\n\t\t<p>Nous comprenons le d\u00e9fi : s&#039;approvisionner en polym\u00e8res recycl\u00e9s r\u00e9pondant \u00e0 des exigences strictes en mati\u00e8re de performance, de r\u00e9glementation et de durabilit\u00e9, et ce, de mani\u00e8re constante. C&#039;est pourquoi Klever propose une gamme soigneusement s\u00e9lectionn\u00e9e de qualit\u00e9s de PEBD, PEHD, PP, PET, ABS, PS, PVC et PC, toutes v\u00e9rifi\u00e9es par des contr\u00f4les rigoureux.<\/p>\t<\/div>\n<\/div>\t\t\t\t<\/div>\n\t\t\t\t<\/div>\n\t\t            <\/div>\r\n        <\/div>\r\n        \t\t\t<\/div>\n\t\t<\/section>\n\t\t        <section class=\"elementor-section elementor-top-section elementor-element elementor-element-7779fd50 elementor-section-content-middle elementor-section-boxed elementor-section-height-default elementor-section-height-default pxl-row-scroll-none pxl-zoom-point-false pxl-section-overflow-visible pxl-section-fix-none pxl-bg-color-none pxl-section-overlay-none\" data-id=\"7779fd50\" data-element_type=\"section\" data-settings=\"{&quot;background_background&quot;:&quot;classic&quot;}\">\n\n                \n        <div class=\"pxl-section-bg-parallax\" data-parallax=\"{&quot;y&quot;:40}\"><\/div>        <div class=\"elementor-container elementor-column-gap-extended\">\n                <div class=\"elementor-column elementor-col-50 elementor-top-column elementor-element elementor-element-477541ed pxl-column-none pxl-column-overflow-hidden-no\" data-id=\"477541ed\" data-element_type=\"column\">\r\n        <div class=\"elementor-widget-wrap elementor-element-populated\">\r\n                     \r\n        \t\t<div class=\"elementor-element elementor-element-39ee41e3 elementor-widget elementor-widget-pxl_heading\" data-id=\"39ee41e3\" data-element_type=\"widget\" data-widget_type=\"pxl_heading.default\">\n\t\t\t\t<div class=\"elementor-widget-container\">\n\t\t\t\t\t\n<div id=\"pxl-pxl_heading-39ee41e3-7343\" class=\"pxl-heading\">\n\t<div class=\"pxl-heading--inner\">\n\t\t\n\t\t<h3 class=\"pxl-item--title style-default highlight-default wow skewIn\" data-wow-delay=\"ms\">\n\t\t\t<span class=\"pxl-heading--text\">\n\t\t\t\t\t\t\t\t\tQu&#039;obtenez-vous en tant qu&#039;acheteur ?\t\n\t\t\t\t\t\n\n\t\t\t<\/span>\n\t\t<\/h3>\n\t<\/div>\n<\/div>\t\t\t\t<\/div>\n\t\t\t\t<\/div>\n\t\t\t\t<div class=\"elementor-element elementor-element-26edbdee elementor-widget elementor-widget-pxl_divider\" data-id=\"26edbdee\" data-element_type=\"widget\" data-widget_type=\"pxl_divider.default\">\n\t\t\t\t<div class=\"elementor-widget-container\">\n\t\t\t\t\t<div class=\"pxl-el-divider wow skewIn\" data-wow-delay=\"450ms\"><\/div>\t\t\t\t<\/div>\n\t\t\t\t<\/div>\n\t\t\t\t<div class=\"elementor-element elementor-element-6fc04592 elementor-widget elementor-widget-pxl_icon_box\" data-id=\"6fc04592\" data-element_type=\"widget\" data-widget_type=\"pxl_icon_box.default\">\n\t\t\t\t<div class=\"elementor-widget-container\">\n\t\t\t\t\t<div class=\"pxl-icon-box pxl-icon-box1 box-style1 wow fadeInUp\" data-wow-delay=\"250ms\">\r\n    <div class=\"pxl-item--inner\">\r\n                                <div class=\"pxl-iconbox--content\">\r\n            <h3 class=\"pxl-item--title el-empty\">\r\n                                    <span>Fourniture certifi\u00e9e ISCC PLUS<\/span>\r\n                            <\/h3>\r\n                            <div class=\"pxl-item--excerpt\">\r\n                    Acc\u00e9dez \u00e0 des documents certifi\u00e9s conformes au PPWR, au Green Deal et \u00e0 vos objectifs ESG.                <\/div>\r\n              \r\n        <\/div>\r\n    <\/div>\r\n<\/div>\t\t\t\t<\/div>\n\t\t\t\t<\/div>\n\t\t\t\t<div class=\"elementor-element elementor-element-46de5ef5 elementor-widget elementor-widget-pxl_icon_box\" data-id=\"46de5ef5\" data-element_type=\"widget\" data-widget_type=\"pxl_icon_box.default\">\n\t\t\t\t<div class=\"elementor-widget-container\">\n\t\t\t\t\t<div class=\"pxl-icon-box pxl-icon-box1 box-style1 wow fadeInUp\" data-wow-delay=\"450ms\">\r\n    <div class=\"pxl-item--inner\">\r\n                                <div class=\"pxl-iconbox--content\">\r\n            <h3 class=\"pxl-item--title el-empty\">\r\n                                    <span>Transparence au niveau des lots<\/span>\r\n                            <\/h3>\r\n                            <div class=\"pxl-item--excerpt\">\r\n                    Chaque exp\u00e9dition est accompagn\u00e9e d&#039;identifiants de lots tra\u00e7ables, de rapports LCA et d&#039;une documentation compl\u00e8te (COA, TDS, MSDS, etc.).                <\/div>\r\n              \r\n        <\/div>\r\n    <\/div>\r\n<\/div>\t\t\t\t<\/div>\n\t\t\t\t<\/div>\n\t\t\t\t<div class=\"elementor-element elementor-element-4d8a9ca7 elementor-widget elementor-widget-pxl_icon_box\" data-id=\"4d8a9ca7\" data-element_type=\"widget\" data-widget_type=\"pxl_icon_box.default\">\n\t\t\t\t<div class=\"elementor-widget-container\">\n\t\t\t\t\t<div class=\"pxl-icon-box pxl-icon-box1 box-style1 wow fadeInUp\" data-wow-delay=\"550ms\">\r\n    <div class=\"pxl-item--inner\">\r\n                                <div class=\"pxl-iconbox--content\">\r\n            <h3 class=\"pxl-item--title el-empty\">\r\n                                    <span>Correspondance de mat\u00e9riaux sur mesure<\/span>\r\n                            <\/h3>\r\n                            <div class=\"pxl-item--excerpt\">\r\n                    Qu&#039;il s&#039;agisse de LDPE de qualit\u00e9 film, de PP de qualit\u00e9 injection ou de produits recycl\u00e9s destin\u00e9s au contact alimentaire, nous adaptons les mat\u00e9riaux \u00e0 vos sp\u00e9cifications de processus exactes.                <\/div>\r\n              \r\n        <\/div>\r\n    <\/div>\r\n<\/div>\t\t\t\t<\/div>\n\t\t\t\t<\/div>\n\t\t\t\t<div class=\"elementor-element elementor-element-8ff1679 elementor-widget elementor-widget-pxl_icon_box\" data-id=\"8ff1679\" data-element_type=\"widget\" data-widget_type=\"pxl_icon_box.default\">\n\t\t\t\t<div class=\"elementor-widget-container\">\n\t\t\t\t\t<div class=\"pxl-icon-box pxl-icon-box1 box-style1 wow fadeInUp\" data-wow-delay=\"550ms\">\r\n    <div class=\"pxl-item--inner\">\r\n                                <div class=\"pxl-iconbox--content\">\r\n            <h3 class=\"pxl-item--title el-empty\">\r\n                                    <span>Avantage logistique mondial<\/span>\r\n                            <\/h3>\r\n                            <div class=\"pxl-item--excerpt\">\r\n                    Gr\u00e2ce \u00e0 notre r\u00e9seau logistique international, nous garantissons une livraison dans les d\u00e9lais et des prix comp\u00e9titifs.                <\/div>\r\n              \r\n        <\/div>\r\n    <\/div>\r\n<\/div>\t\t\t\t<\/div>\n\t\t\t\t<\/div>\n\t\t\t\t<div class=\"elementor-element elementor-element-a2fd9b4 elementor-widget elementor-widget-pxl_icon_box\" data-id=\"a2fd9b4\" data-element_type=\"widget\" data-widget_type=\"pxl_icon_box.default\">\n\t\t\t\t<div class=\"elementor-widget-container\">\n\t\t\t\t\t<div class=\"pxl-icon-box pxl-icon-box1 box-style1 wow fadeInUp\" data-wow-delay=\"550ms\">\r\n    <div class=\"pxl-item--inner\">\r\n                                <div class=\"pxl-iconbox--content\">\r\n            <h3 class=\"pxl-item--title el-empty\">\r\n                                    <span>Support technique et r\u00e9glementaire<\/span>\r\n                            <\/h3>\r\n                            <div class=\"pxl-item--excerpt\">\r\n                    Nous soutenons vos d\u00e9cisions d\u2019achat gr\u00e2ce \u00e0 des informations sur la conformit\u00e9, des donn\u00e9es sur l\u2019empreinte carbone et des conseils d\u2019experts.                <\/div>\r\n              \r\n        <\/div>\r\n    <\/div>\r\n<\/div>\t\t\t\t<\/div>\n\t\t\t\t<\/div>\n\t\t\t\t<div class=\"elementor-element elementor-element-11ef7772 elementor-widget elementor-widget-pxl_icon_box\" data-id=\"11ef7772\" data-element_type=\"widget\" data-widget_type=\"pxl_icon_box.default\">\n\t\t\t\t<div class=\"elementor-widget-container\">\n\t\t\t\t\t<div class=\"pxl-icon-box pxl-icon-box1 box-style1\" data-wow-delay=\"ms\">\r\n    <div class=\"pxl-item--inner\">\r\n                                <div class=\"pxl-iconbox--content\">\r\n            <h3 class=\"pxl-item--title el-empty\">\r\n                                    <span><\/span>\r\n                            <\/h3>\r\n              \r\n        <\/div>\r\n    <\/div>\r\n<\/div>\t\t\t\t<\/div>\n\t\t\t\t<\/div>\n\t\t            <\/div>\r\n        <\/div>\r\n                <div class=\"elementor-column elementor-col-50 elementor-top-column elementor-element elementor-element-472917f2 pxl-col-align-start pxl-column-none pxl-column-overflow-hidden-no\" data-id=\"472917f2\" data-element_type=\"column\" data-settings=\"{&quot;background_background&quot;:&quot;classic&quot;}\">\r\n        <div class=\"elementor-widget-wrap elementor-element-populated\">\r\n                     \r\n                <section class=\"elementor-section elementor-inner-section elementor-element elementor-element-1d6973bc elementor-section-boxed elementor-section-height-default elementor-section-height-default pxl-row-scroll-none pxl-zoom-point-false pxl-section-overflow-visible pxl-section-fix-none pxl-bg-color-none pxl-section-overlay-none\" data-id=\"1d6973bc\" data-element_type=\"section\">\n\n                \n                <div class=\"elementor-container elementor-column-gap-default\">\n                <div class=\"elementor-column elementor-col-100 elementor-inner-column elementor-element elementor-element-6f5d0f89 pxl-column-none pxl-column-overflow-hidden-no\" data-id=\"6f5d0f89\" data-element_type=\"column\" data-settings=\"{&quot;background_background&quot;:&quot;classic&quot;}\">\r\n        <div class=\"elementor-widget-wrap elementor-element-populated\">\r\n                     \r\n        \t\t<div class=\"elementor-element elementor-element-4b120174 elementor-widget elementor-widget-pxl_heading\" data-id=\"4b120174\" data-element_type=\"widget\" data-widget_type=\"pxl_heading.default\">\n\t\t\t\t<div class=\"elementor-widget-container\">\n\t\t\t\t\t\n<div id=\"pxl-pxl_heading-4b120174-3964\" class=\"pxl-heading\">\n\t<div class=\"pxl-heading--inner\">\n\t\t\n\t\t<h3 class=\"pxl-item--title style-default highlight-default wow skewIn\" data-wow-delay=\"ms\">\n\t\t\t<span class=\"pxl-heading--text\">\n\t\t\t\t\t\t\t\t\tConseil Klever gratuit !\t\n\t\t\t\t\t\n\n\t\t\t<\/span>\n\t\t<\/h3>\n\t<\/div>\n<\/div>\t\t\t\t<\/div>\n\t\t\t\t<\/div>\n\t\t\t\t<div class=\"elementor-element elementor-element-5446b35d elementor-widget elementor-widget-pxl_text_editor\" data-id=\"5446b35d\" data-element_type=\"widget\" data-widget_type=\"pxl_text_editor.default\">\n\t\t\t\t<div class=\"elementor-widget-container\">\n\t\t\t\t\t<div class=\"pxl-text-editor\">\n\t<div class=\"pxl-item--inner\" data-wow-delay=\"ms\">\n\t\t<p>\n  Contactez-nous via le formulaire ou appelez-nous au \n  <a href=\"tel:+902249098112\" style=\"color: #FFD700;font-weight: bold\">\n    +90 (224) 909 8112\n  <\/a> \n  pour discuter de solutions polym\u00e8res durables adapt\u00e9es \u00e0 votre entreprise.\n<\/p>\n\t<\/div>\n<\/div>\t\t\t\t<\/div>\n\t\t\t\t<\/div>\n\t\t\t\t<div class=\"elementor-element elementor-element-260afec2 elementor-widget elementor-widget-pxl_contact_form\" data-id=\"260afec2\" data-element_type=\"widget\" data-widget_type=\"pxl_contact_form.default\">\n\t\t\t\t<div class=\"elementor-widget-container\">\n\t\t\t\t\t    <div class=\"pxl-contact-form pxl-contact-form1 btn-default btn-w-full\" data-wow-delay=\"ms\">\r\n        \n<div class=\"wpcf7 no-js\" id=\"wpcf7-f20784-o1\" lang=\"en-US\" dir=\"ltr\" data-wpcf7-id=\"20784\">\n<div class=\"screen-reader-response\"><p role=\"status\" aria-live=\"polite\" aria-atomic=\"true\"><\/p> <ul><\/ul><\/div>\n<form action=\"\/fr\/wp-json\/wp\/v2\/pages\/34654#wpcf7-f20784-o1\" method=\"post\" class=\"wpcf7-form init\" aria-label=\"Contact form\" novalidate=\"novalidate\" data-status=\"init\" data-trp-original-action=\"\/fr\/wp-json\/wp\/v2\/pages\/34654#wpcf7-f20784-o1\">\n<div style=\"display: none;\">\n<input type=\"hidden\" name=\"_wpcf7\" value=\"20784\" \/>\n<input type=\"hidden\" name=\"_wpcf7_version\" value=\"6.0.6\" \/>\n<input type=\"hidden\" name=\"_wpcf7_locale\" value=\"en_US\" \/>\n<input type=\"hidden\" name=\"_wpcf7_unit_tag\" value=\"wpcf7-f20784-o1\" \/>\n<input type=\"hidden\" name=\"_wpcf7_container_post\" value=\"0\" \/>\n<input type=\"hidden\" name=\"_wpcf7_posted_data_hash\" value=\"\" \/>\n<\/div>\n<div class=\"wp-row-ctf7\">\n\t<div class=\"row input-contact\">\n\t\t<div class=\"col-xl-12 col-lg-12 col-md-12 col-sm-12\">\n\t\t\t<p><span class=\"wpcf7-form-control-wrap\" data-name=\"your-name\"><input size=\"40\" maxlength=\"400\" class=\"wpcf7-form-control wpcf7-text wpcf7-validates-as-required\" autocomplete=\"name\" aria-required=\"true\" aria-invalid=\"false\" placeholder=\"Nom*\" value=\"\" type=\"text\" name=\"your-name\" \/><\/span><br \/>\n<span class=\"wpcf7-form-control-wrap\" data-name=\"your-email\"><input size=\"40\" maxlength=\"400\" class=\"wpcf7-form-control wpcf7-email wpcf7-validates-as-required wpcf7-text wpcf7-validates-as-email\" autocomplete=\"email\" aria-required=\"true\" aria-invalid=\"false\" placeholder=\"Adresse email*\" value=\"\" type=\"email\" name=\"your-email\" \/><\/span><br \/>\n<span class=\"wpcf7-form-control-wrap\" data-name=\"menu-52\"><select class=\"wpcf7-form-control wpcf7-select wpcf7-validates-as-required\" aria-required=\"true\" aria-invalid=\"false\" name=\"menu-52\"><option value=\"Service you need support\">Service dont vous avez besoin de soutien<\/option><option value=\"Accuracy in Findings\">Exactitude des r\u00e9sultats<\/option><option value=\"Experts Scientists\">Experts scientifiques<\/option><\/select><\/span><br \/>\n<span class=\"wpcf7-form-control-wrap\" data-name=\"your-message\"><textarea cols=\"40\" rows=\"10\" maxlength=\"2000\" class=\"wpcf7-form-control wpcf7-textarea\" aria-invalid=\"false\" placeholder=\"Votre sujet\" name=\"your-message\"><\/textarea><\/span>\n\t\t\t<\/p>\n\t\t\t<div class=\"input-filled input-filled-btn\">\n\t\t\t\t<p><button class=\"wpcf7-submit\" type=\"submit\"><span>soumettre une demande<\/span><\/button>\n\t\t\t\t<\/p>\n\t\t\t<\/div>\n\t\t<\/div>\n\t<\/div>\n<\/div><div class=\"wpcf7-response-output\" aria-hidden=\"true\"><\/div>\n<input type=\"hidden\" name=\"trp-form-language\" value=\"fr\"\/><\/form>\n<\/div>\n    <\/div>\r\n\t\t\t\t<\/div>\n\t\t\t\t<\/div>\n\t\t            <\/div>\r\n        <\/div>\r\n        \t\t\t<\/div>\n\t\t<\/section>\n\t\t\t\t<div class=\"elementor-element elementor-element-48ed9f40 elementor-widget__width-auto elementor-absolute elementor-widget elementor-widget-pxl_image\" data-id=\"48ed9f40\" data-element_type=\"widget\" data-settings=\"{&quot;_position&quot;:&quot;absolute&quot;}\" data-widget_type=\"pxl_image.default\">\n\t\t\t\t<div class=\"elementor-widget-container\">\n\t\t\t\t\t<div id=\"pxl_image-48ed9f40-6816\" class=\"pxl-image-single pxl-disable-parallax-sm  pxl-image-zoom2\" data-wow-delay=\"ms\"  >\r\n    <div class=\"pxl-item--inner\" data-wow-delay=\"120ms\">\r\n                \r\n                                <div class=\"pxl-item--image\" data-parallax-value=\"\">\r\n                                                    <img decoding=\"async\" width=\"49\" height=\"18\" src=\"https:\/\/www.kleverpolymers.com\/wp-content\/uploads\/2024\/10\/arrow22.png\" class=\"no-lazyload attachment-full\" alt=\"\" \/>                                                                    <\/div>\r\n                                <\/div>\r\n<\/div>\t\t\t\t<\/div>\n\t\t\t\t<\/div>\n\t\t            <\/div>\r\n        <\/div>\r\n        \t\t\t<\/div>\n\t\t<\/section>\n\t\t        <section class=\"elementor-section elementor-top-section elementor-element elementor-element-0683656 elementor-section-full_width elementor-section-height-default elementor-section-height-default pxl-row-scroll-none pxl-zoom-point-false pxl-section-overflow-visible pxl-section-fix-none pxl-full-content-with-space-none pxl-bg-color-none pxl-section-overlay-none\" data-id=\"0683656\" data-element_type=\"section\">\n\n                \n                <div class=\"elementor-container elementor-column-gap-extended\">\n                <div class=\"elementor-column elementor-col-100 elementor-top-column elementor-element elementor-element-0aa6cc1 pxl-column-none pxl-column-overflow-hidden-no\" data-id=\"0aa6cc1\" data-element_type=\"column\">\r\n        <div class=\"elementor-widget-wrap elementor-element-populated\">\r\n                     \r\n                <section class=\"elementor-section elementor-inner-section elementor-element elementor-element-3656785 elementor-section-full_width elementor-section-height-default elementor-section-height-default pxl-row-scroll-none pxl-zoom-point-false pxl-section-overflow-visible pxl-section-fix-none pxl-full-content-with-space-none pxl-bg-color-none pxl-section-overlay-none\" data-id=\"3656785\" data-element_type=\"section\">\n\n                \n        <div class=\"pxl-section-bg-parallax\" data-parallax=\"{&quot;x&quot;:30}\"><\/div>        <div class=\"elementor-container elementor-column-gap-extended\">\n                <div class=\"elementor-column elementor-col-100 elementor-inner-column elementor-element elementor-element-6e922ef pxl-column-none pxl-column-overflow-hidden-no\" data-id=\"6e922ef\" data-element_type=\"column\">\r\n        <div class=\"elementor-widget-wrap elementor-element-populated\">\r\n                     \r\n        \t\t<div class=\"elementor-element elementor-element-ebf6040 elementor-widget elementor-widget-pxl_heading\" data-id=\"ebf6040\" data-element_type=\"widget\" data-widget_type=\"pxl_heading.default\">\n\t\t\t\t<div class=\"elementor-widget-container\">\n\t\t\t\t\t\n<div id=\"pxl-pxl_heading-ebf6040-5811\" class=\"pxl-heading\">\n\t<div class=\"pxl-heading--inner\">\n\t\t\n\t\t<h3 class=\"pxl-item--title style-default highlight-default pxl-split-text split-in-scale\" data-wow-delay=\"450ms\">\n\t\t\t<span class=\"pxl-heading--text\">\n\t\t\t\t\t\t\t\t\tFaisons travailler Klever !\t\n\t\t\t\t\t\n\n\t\t\t<\/span>\n\t\t<\/h3>\n\t<\/div>\n<\/div>\t\t\t\t<\/div>\n\t\t\t\t<\/div>\n\t\t            <\/div>\r\n        <\/div>\r\n        \t\t\t<\/div>\n\t\t<\/section>\n\t\t            <\/div>\r\n        <\/div>\r\n        \t\t\t<\/div>\n\t\t<\/section>\n\t\t\t\t<\/div>","protected":false},"excerpt":{"rendered":"<p>Buyers Source high-quality, ISCC PLUS certified recycled polymers with full traceability and LCA data. Klever Polymers offers reliable supply, technical support, and custom logistics for global manufacturers. Your Reliable Source for High-Performance, Traceable Recyclates We understand the challenge: sourcing recycled polymers that meet strict performance, regulatory, and sustainability requirements \u2014 consistently. That\u2019s why Klever offers [&hellip;]<\/p>","protected":false},"author":2,"featured_media":0,"parent":0,"menu_order":0,"comment_status":"closed","ping_status":"closed","template":"","meta":{"footnotes":""},"class_list":["post-34654","page","type-page","status-publish","hentry"],"_links":{"self":[{"href":"https:\/\/www.kleverpolymers.com\/fr\/wp-json\/wp\/v2\/pages\/34654","targetHints":{"allow":["GET"]}}],"collection":[{"href":"https:\/\/www.kleverpolymers.com\/fr\/wp-json\/wp\/v2\/pages"}],"about":[{"href":"https:\/\/www.kleverpolymers.com\/fr\/wp-json\/wp\/v2\/types\/page"}],"author":[{"embeddable":true,"href":"https:\/\/www.kleverpolymers.com\/fr\/wp-json\/wp\/v2\/users\/2"}],"replies":[{"embeddable":true,"href":"https:\/\/www.kleverpolymers.com\/fr\/wp-json\/wp\/v2\/comments?post=34654"}],"version-history":[{"count":0,"href":"https:\/\/www.kleverpolymers.com\/fr\/wp-json\/wp\/v2\/pages\/34654\/revisions"}],"wp:attachment":[{"href":"https:\/\/www.kleverpolymers.com\/fr\/wp-json\/wp\/v2\/media?parent=34654"}],"curies":[{"name":"wp","href":"https:\/\/api.w.org\/{rel}","templated":true}]}}