{"id":34666,"date":"2025-06-23T16:03:08","date_gmt":"2025-06-23T16:03:08","guid":{"rendered":"https:\/\/klever.ctemplate.com\/?page_id=34666"},"modified":"2025-08-19T12:01:05","modified_gmt":"2025-08-19T09:01:05","slug":"soy-vendedor","status":"publish","type":"page","link":"https:\/\/www.kleverpolymers.com\/es\/soy-vendedor\/","title":{"rendered":"I&#8217;m Seller"},"content":{"rendered":"<div data-elementor-type=\"wp-page\" data-elementor-id=\"34666\" class=\"elementor elementor-34666\">\n\t\t\t\t        <section class=\"elementor-section elementor-top-section elementor-element elementor-element-111eedc elementor-section-content-bottom elementor-section-height-min-height elementor-section-boxed elementor-section-height-default elementor-section-items-middle pxl-row-scroll-none pxl-zoom-point-false pxl-section-overflow-visible pxl-section-fix-none pxl-bg-color-none pxl-section-overlay-none\" data-id=\"111eedc\" data-element_type=\"section\" data-settings=\"{&quot;background_background&quot;:&quot;video&quot;,&quot;background_video_link&quot;:&quot;https:\\\/\\\/www.kleverpolymers.com\\\/wp-content\\\/uploads\\\/2025\\\/06\\\/klever-plymer-yellow.mp4&quot;,&quot;background_play_on_mobile&quot;:&quot;yes&quot;}\">\n\n                                <div class=\"elementor-background-video-container\">\n                                            <video class=\"elementor-background-video-hosted elementor-html5-video\" autoplay muted playsinline loop><\/video>\n                                    <\/div>\n                            <div class=\"elementor-background-overlay\"><\/div>\n            \n        <div class=\"pxl-section-bg-parallax\" data-parallax=\"{&quot;y&quot;:40}\"><\/div>        <div class=\"elementor-container elementor-column-gap-extended\">\n                <div class=\"elementor-column elementor-col-100 elementor-top-column elementor-element elementor-element-bf57869 pxl-column-none pxl-column-overflow-hidden-no\" data-id=\"bf57869\" data-element_type=\"column\">\r\n        <div class=\"elementor-widget-wrap elementor-element-populated\">\r\n                     \r\n        \t\t<div class=\"elementor-element elementor-element-cf3664c elementor-widget elementor-widget-pxl_heading\" data-id=\"cf3664c\" data-element_type=\"widget\" data-widget_type=\"pxl_heading.default\">\n\t\t\t\t<div class=\"elementor-widget-container\">\n\t\t\t\t\t\n<div id=\"pxl-pxl_heading-cf3664c-8607\" class=\"pxl-heading\">\n\t<div class=\"pxl-heading--inner\">\n\t\t\n\t\t<h3 class=\"pxl-item--title style-default highlight-default wow skewIn\" data-wow-delay=\"400ms\">\n\t\t\t<span class=\"pxl-heading--text\">\n\t\t\t\t\t\t\t\t\tVendedor\t\n\t\t\t\t\t\n\n\t\t\t<\/span>\n\t\t<\/h3>\n\t<\/div>\n<\/div>\t\t\t\t<\/div>\n\t\t\t\t<\/div>\n\t\t\t\t<div class=\"elementor-element elementor-element-61ba013 elementor-widget elementor-widget-pxl_text_editor\" data-id=\"61ba013\" data-element_type=\"widget\" data-widget_type=\"pxl_text_editor.default\">\n\t\t\t\t<div class=\"elementor-widget-container\">\n\t\t\t\t\t<div class=\"pxl-text-editor\">\n\t<div class=\"pxl-item--inner wow skewIn\" data-wow-delay=\"450ms\">\n\t\t<p>Adquiera pol\u00edmeros reciclados de alta calidad con certificaci\u00f3n ISCC PLUS, con trazabilidad completa y datos de ACV. Klever Polymers ofrece suministro confiable, soporte t\u00e9cnico y log\u00edstica personalizada para fabricantes globales.<\/p>\t<\/div>\n<\/div>\t\t\t\t<\/div>\n\t\t\t\t<\/div>\n\t\t\t\t<div class=\"elementor-element elementor-element-c0b8a60 elementor-widget elementor-widget-pxl_divider\" data-id=\"c0b8a60\" data-element_type=\"widget\" data-widget_type=\"pxl_divider.default\">\n\t\t\t\t<div class=\"elementor-widget-container\">\n\t\t\t\t\t<div class=\"pxl-el-divider wow skewIn\" data-wow-delay=\"550ms\"><\/div>\t\t\t\t<\/div>\n\t\t\t\t<\/div>\n\t\t            <\/div>\r\n        <\/div>\r\n        \t\t\t<\/div>\n\t\t<\/section>\n\t\t        <section class=\"elementor-section elementor-inner-section elementor-element elementor-element-3a925b13 elementor-section-content-middle elementor-section-height-min-height elementor-section-boxed elementor-section-height-default pxl-row-scroll-none pxl-zoom-point-false pxl-section-overflow-visible pxl-section-fix-none pxl-bg-color-none pxl-section-overlay-none\" data-id=\"3a925b13\" data-element_type=\"section\">\n\n                \n                <div class=\"elementor-container elementor-column-gap-default\">\n                <div class=\"elementor-column elementor-col-66 elementor-inner-column elementor-element elementor-element-4b22c519 pxl-column-none pxl-column-overflow-hidden-no\" data-id=\"4b22c519\" data-element_type=\"column\">\r\n        <div class=\"elementor-widget-wrap elementor-element-populated\">\r\n                     \r\n        \t\t<div class=\"elementor-element elementor-element-7d2a1e79 elementor-widget elementor-widget-pxl_heading\" data-id=\"7d2a1e79\" data-element_type=\"widget\" data-widget_type=\"pxl_heading.default\">\n\t\t\t\t<div class=\"elementor-widget-container\">\n\t\t\t\t\t\n<div id=\"pxl-pxl_heading-7d2a1e79-1278\" class=\"pxl-heading\">\n\t<div class=\"pxl-heading--inner\">\n\t\t\n\t\t<h3 class=\"pxl-item--title style-default highlight-default wow skewIn\" data-wow-delay=\"230ms\">\n\t\t\t<span class=\"pxl-heading--text\">\n\t\t\t\t\t\t\t\t\tConvierta sus materiales reciclables en valor con confianza y alcance\t\n\t\t\t\t\t\n\n\t\t\t<\/span>\n\t\t<\/h3>\n\t<\/div>\n<\/div>\t\t\t\t<\/div>\n\t\t\t\t<\/div>\n\t\t\t\t<div class=\"elementor-element elementor-element-7b1c3232 elementor-widget elementor-widget-pxl_divider\" data-id=\"7b1c3232\" data-element_type=\"widget\" data-widget_type=\"pxl_divider.default\">\n\t\t\t\t<div class=\"elementor-widget-container\">\n\t\t\t\t\t<div class=\"pxl-el-divider wow skewIn\" data-wow-delay=\"450ms\"><\/div>\t\t\t\t<\/div>\n\t\t\t\t<\/div>\n\t\t            <\/div>\r\n        <\/div>\r\n                <div class=\"elementor-column elementor-col-33 elementor-inner-column elementor-element elementor-element-730a4e8f pxl-column-none pxl-column-overflow-hidden-no\" data-id=\"730a4e8f\" data-element_type=\"column\" data-settings=\"{&quot;background_background&quot;:&quot;classic&quot;}\">\r\n        <div class=\"elementor-widget-wrap elementor-element-populated\">\r\n                     \r\n        \t\t<div class=\"elementor-element elementor-element-1439cc88 elementor-widget elementor-widget-pxl_text_editor\" data-id=\"1439cc88\" data-element_type=\"widget\" data-widget_type=\"pxl_text_editor.default\">\n\t\t\t\t<div class=\"elementor-widget-container\">\n\t\t\t\t\t<div class=\"pxl-text-editor\">\n\t<div class=\"pxl-item--inner\" data-wow-delay=\"ms\">\n\t\t<p data-start=\"2134\" data-end=\"2322\">Si usted es un reciclador, compuesto o procesador que produce pl\u00e1sticos reciclados de calidad, Klever lo conecta con compradores verificados en todo el mundo y le ofrece una ruta r\u00e1pida, justa y segura al mercado.<\/p><p data-start=\"2324\" data-end=\"2353\">\u00a0<\/p>\t<\/div>\n<\/div>\t\t\t\t<\/div>\n\t\t\t\t<\/div>\n\t\t            <\/div>\r\n        <\/div>\r\n        \t\t\t<\/div>\n\t\t<\/section>\n\t\t        <section class=\"elementor-section elementor-top-section elementor-element elementor-element-7779fd50 elementor-section-content-middle elementor-section-boxed elementor-section-height-default elementor-section-height-default pxl-row-scroll-none pxl-zoom-point-false pxl-section-overflow-visible pxl-section-fix-none pxl-bg-color-none pxl-section-overlay-none\" data-id=\"7779fd50\" data-element_type=\"section\" data-settings=\"{&quot;background_background&quot;:&quot;classic&quot;}\">\n\n                \n        <div class=\"pxl-section-bg-parallax\" data-parallax=\"{&quot;y&quot;:40}\"><\/div>        <div class=\"elementor-container elementor-column-gap-extended\">\n                <div class=\"elementor-column elementor-col-50 elementor-top-column elementor-element elementor-element-477541ed pxl-column-none pxl-column-overflow-hidden-no\" data-id=\"477541ed\" data-element_type=\"column\">\r\n        <div class=\"elementor-widget-wrap elementor-element-populated\">\r\n                     \r\n        \t\t<div class=\"elementor-element elementor-element-39ee41e3 elementor-widget elementor-widget-pxl_heading\" data-id=\"39ee41e3\" data-element_type=\"widget\" data-widget_type=\"pxl_heading.default\">\n\t\t\t\t<div class=\"elementor-widget-container\">\n\t\t\t\t\t\n<div id=\"pxl-pxl_heading-39ee41e3-4458\" class=\"pxl-heading\">\n\t<div class=\"pxl-heading--inner\">\n\t\t\n\t\t<h3 class=\"pxl-item--title style-default highlight-default wow skewIn\" data-wow-delay=\"ms\">\n\t\t\t<span class=\"pxl-heading--text\">\n\t\t\t\t\t\t\t\t\t\u00bfQu\u00e9 obtienes como vendedor?\t\n\t\t\t\t\t\n\n\t\t\t<\/span>\n\t\t<\/h3>\n\t<\/div>\n<\/div>\t\t\t\t<\/div>\n\t\t\t\t<\/div>\n\t\t\t\t<div class=\"elementor-element elementor-element-26edbdee elementor-widget elementor-widget-pxl_divider\" data-id=\"26edbdee\" data-element_type=\"widget\" data-widget_type=\"pxl_divider.default\">\n\t\t\t\t<div class=\"elementor-widget-container\">\n\t\t\t\t\t<div class=\"pxl-el-divider wow skewIn\" data-wow-delay=\"450ms\"><\/div>\t\t\t\t<\/div>\n\t\t\t\t<\/div>\n\t\t\t\t<div class=\"elementor-element elementor-element-6fc04592 elementor-widget elementor-widget-pxl_icon_box\" data-id=\"6fc04592\" data-element_type=\"widget\" data-widget_type=\"pxl_icon_box.default\">\n\t\t\t\t<div class=\"elementor-widget-container\">\n\t\t\t\t\t<div class=\"pxl-icon-box pxl-icon-box1 box-style1 wow fadeInUp\" data-wow-delay=\"250ms\">\r\n    <div class=\"pxl-item--inner\">\r\n                                <div class=\"pxl-iconbox--content\">\r\n            <h3 class=\"pxl-item--title el-empty\">\r\n                                    <span>Evaluaci\u00f3n t\u00e9cnica e incorporaci\u00f3n<\/span>\r\n                            <\/h3>\r\n                            <div class=\"pxl-item--excerpt\">\r\n                    Evaluamos su producci\u00f3n de material y le ayudamos a clasificarla para los mercados adecuados (por ejemplo, pel\u00edcula, extrusi\u00f3n, moldeo).                <\/div>\r\n              \r\n        <\/div>\r\n    <\/div>\r\n<\/div>\t\t\t\t<\/div>\n\t\t\t\t<\/div>\n\t\t\t\t<div class=\"elementor-element elementor-element-46de5ef5 elementor-widget elementor-widget-pxl_icon_box\" data-id=\"46de5ef5\" data-element_type=\"widget\" data-widget_type=\"pxl_icon_box.default\">\n\t\t\t\t<div class=\"elementor-widget-container\">\n\t\t\t\t\t<div class=\"pxl-icon-box pxl-icon-box1 box-style1 wow fadeInUp\" data-wow-delay=\"450ms\">\r\n    <div class=\"pxl-item--inner\">\r\n                                <div class=\"pxl-iconbox--content\">\r\n            <h3 class=\"pxl-item--title el-empty\">\r\n                                    <span>Precios justos y transparentes<\/span>\r\n                            <\/h3>\r\n                            <div class=\"pxl-item--excerpt\">\r\n                    Operamos con modelos de precios alineados con el mercado, ofrecemos cotizaciones r\u00e1pidas y garantizamos una transparencia total de precios.                <\/div>\r\n              \r\n        <\/div>\r\n    <\/div>\r\n<\/div>\t\t\t\t<\/div>\n\t\t\t\t<\/div>\n\t\t\t\t<div class=\"elementor-element elementor-element-4d8a9ca7 elementor-widget elementor-widget-pxl_icon_box\" data-id=\"4d8a9ca7\" data-element_type=\"widget\" data-widget_type=\"pxl_icon_box.default\">\n\t\t\t\t<div class=\"elementor-widget-container\">\n\t\t\t\t\t<div class=\"pxl-icon-box pxl-icon-box1 box-style1 wow fadeInUp\" data-wow-delay=\"550ms\">\r\n    <div class=\"pxl-item--inner\">\r\n                                <div class=\"pxl-iconbox--content\">\r\n            <h3 class=\"pxl-item--title el-empty\">\r\n                                    <span>Soporte log\u00edstico de extremo a extremo<\/span>\r\n                            <\/h3>\r\n                            <div class=\"pxl-item--excerpt\">\r\n                    Desde la recogida en sus instalaciones hasta las operaciones de exportaci\u00f3n: coordinamos todo el flujo.                <\/div>\r\n              \r\n        <\/div>\r\n    <\/div>\r\n<\/div>\t\t\t\t<\/div>\n\t\t\t\t<\/div>\n\t\t\t\t<div class=\"elementor-element elementor-element-8ff1679 elementor-widget elementor-widget-pxl_icon_box\" data-id=\"8ff1679\" data-element_type=\"widget\" data-widget_type=\"pxl_icon_box.default\">\n\t\t\t\t<div class=\"elementor-widget-container\">\n\t\t\t\t\t<div class=\"pxl-icon-box pxl-icon-box1 box-style1 wow fadeInUp\" data-wow-delay=\"550ms\">\r\n    <div class=\"pxl-item--inner\">\r\n                                <div class=\"pxl-iconbox--content\">\r\n            <h3 class=\"pxl-item--title el-empty\">\r\n                                    <span>Gu\u00eda de documentaci\u00f3n<\/span>\r\n                            <\/h3>\r\n                            <div class=\"pxl-item--excerpt\">\r\n                    Le ayudamos a preparar y gestionar expedientes t\u00e9cnicos, certificaciones y tr\u00e1mites aduaneros.                <\/div>\r\n              \r\n        <\/div>\r\n    <\/div>\r\n<\/div>\t\t\t\t<\/div>\n\t\t\t\t<\/div>\n\t\t\t\t<div class=\"elementor-element elementor-element-a2fd9b4 elementor-widget elementor-widget-pxl_icon_box\" data-id=\"a2fd9b4\" data-element_type=\"widget\" data-widget_type=\"pxl_icon_box.default\">\n\t\t\t\t<div class=\"elementor-widget-container\">\n\t\t\t\t\t<div class=\"pxl-icon-box pxl-icon-box1 box-style1 wow fadeInUp\" data-wow-delay=\"550ms\">\r\n    <div class=\"pxl-item--inner\">\r\n                                <div class=\"pxl-iconbox--content\">\r\n            <h3 class=\"pxl-item--title el-empty\">\r\n                                    <span>Acuerdos de suministro a largo plazo<\/span>\r\n                            <\/h3>\r\n                            <div class=\"pxl-item--excerpt\">\r\n                    Preferimos la asociaci\u00f3n a las transacciones \u00fanicas, garantizando as\u00ed la continuidad y el crecimiento compartido.                <\/div>\r\n              \r\n        <\/div>\r\n    <\/div>\r\n<\/div>\t\t\t\t<\/div>\n\t\t\t\t<\/div>\n\t\t\t\t<div class=\"elementor-element elementor-element-11ef7772 elementor-widget elementor-widget-pxl_icon_box\" data-id=\"11ef7772\" data-element_type=\"widget\" data-widget_type=\"pxl_icon_box.default\">\n\t\t\t\t<div class=\"elementor-widget-container\">\n\t\t\t\t\t<div class=\"pxl-icon-box pxl-icon-box1 box-style1\" data-wow-delay=\"ms\">\r\n    <div class=\"pxl-item--inner\">\r\n                                <div class=\"pxl-iconbox--content\">\r\n            <h3 class=\"pxl-item--title el-empty\">\r\n                                    <span><\/span>\r\n                            <\/h3>\r\n              \r\n        <\/div>\r\n    <\/div>\r\n<\/div>\t\t\t\t<\/div>\n\t\t\t\t<\/div>\n\t\t            <\/div>\r\n        <\/div>\r\n                <div class=\"elementor-column elementor-col-50 elementor-top-column elementor-element elementor-element-472917f2 pxl-col-align-start pxl-column-none pxl-column-overflow-hidden-no\" data-id=\"472917f2\" data-element_type=\"column\" data-settings=\"{&quot;background_background&quot;:&quot;classic&quot;}\">\r\n        <div class=\"elementor-widget-wrap elementor-element-populated\">\r\n                     \r\n                <section class=\"elementor-section elementor-inner-section elementor-element elementor-element-1d6973bc elementor-section-boxed elementor-section-height-default elementor-section-height-default pxl-row-scroll-none pxl-zoom-point-false pxl-section-overflow-visible pxl-section-fix-none pxl-bg-color-none pxl-section-overlay-none\" data-id=\"1d6973bc\" data-element_type=\"section\">\n\n                \n                <div class=\"elementor-container elementor-column-gap-default\">\n                <div class=\"elementor-column elementor-col-100 elementor-inner-column elementor-element elementor-element-6f5d0f89 pxl-column-none pxl-column-overflow-hidden-no\" data-id=\"6f5d0f89\" data-element_type=\"column\" data-settings=\"{&quot;background_background&quot;:&quot;classic&quot;}\">\r\n        <div class=\"elementor-widget-wrap elementor-element-populated\">\r\n                     \r\n        \t\t<div class=\"elementor-element elementor-element-4b120174 elementor-widget elementor-widget-pxl_heading\" data-id=\"4b120174\" data-element_type=\"widget\" data-widget_type=\"pxl_heading.default\">\n\t\t\t\t<div class=\"elementor-widget-container\">\n\t\t\t\t\t\n<div id=\"pxl-pxl_heading-4b120174-2663\" class=\"pxl-heading\">\n\t<div class=\"pxl-heading--inner\">\n\t\t\n\t\t<h3 class=\"pxl-item--title style-default highlight-default wow skewIn\" data-wow-delay=\"ms\">\n\t\t\t<span class=\"pxl-heading--text\">\n\t\t\t\t\t\t\t\t\t\u00a1Consultor\u00eda Klever gratuita!\t\n\t\t\t\t\t\n\n\t\t\t<\/span>\n\t\t<\/h3>\n\t<\/div>\n<\/div>\t\t\t\t<\/div>\n\t\t\t\t<\/div>\n\t\t\t\t<div class=\"elementor-element elementor-element-5446b35d elementor-widget elementor-widget-pxl_text_editor\" data-id=\"5446b35d\" data-element_type=\"widget\" data-widget_type=\"pxl_text_editor.default\">\n\t\t\t\t<div class=\"elementor-widget-container\">\n\t\t\t\t\t<div class=\"pxl-text-editor\">\n\t<div class=\"pxl-item--inner\" data-wow-delay=\"ms\">\n\t\t<p>\n  Cont\u00e1ctanos a trav\u00e9s del formulario o ll\u00e1manos al \n  <a href=\"tel:+902249098112\" style=\"color: #FFD700;font-weight: bold\">\n    +90 (224) 909 8112\n  <\/a> \n  para discutir soluciones de pol\u00edmeros sostenibles adaptadas a su negocio.\n<\/p>\n\t<\/div>\n<\/div>\t\t\t\t<\/div>\n\t\t\t\t<\/div>\n\t\t\t\t<div class=\"elementor-element elementor-element-260afec2 elementor-widget elementor-widget-pxl_contact_form\" data-id=\"260afec2\" data-element_type=\"widget\" data-widget_type=\"pxl_contact_form.default\">\n\t\t\t\t<div class=\"elementor-widget-container\">\n\t\t\t\t\t    <div class=\"pxl-contact-form pxl-contact-form1 btn-default btn-w-full\" data-wow-delay=\"ms\">\r\n        \n<div class=\"wpcf7 no-js\" id=\"wpcf7-f20784-o1\" lang=\"en-US\" dir=\"ltr\" data-wpcf7-id=\"20784\">\n<div class=\"screen-reader-response\"><p role=\"status\" aria-live=\"polite\" aria-atomic=\"true\"><\/p> <ul><\/ul><\/div>\n<form action=\"\/es\/wp-json\/wp\/v2\/pages\/34666#wpcf7-f20784-o1\" method=\"post\" class=\"wpcf7-form init\" aria-label=\"Contact form\" novalidate=\"novalidate\" data-status=\"init\" data-trp-original-action=\"\/es\/wp-json\/wp\/v2\/pages\/34666#wpcf7-f20784-o1\">\n<div style=\"display: none;\">\n<input type=\"hidden\" name=\"_wpcf7\" value=\"20784\" \/>\n<input type=\"hidden\" name=\"_wpcf7_version\" value=\"6.0.6\" \/>\n<input type=\"hidden\" name=\"_wpcf7_locale\" value=\"en_US\" \/>\n<input type=\"hidden\" name=\"_wpcf7_unit_tag\" value=\"wpcf7-f20784-o1\" \/>\n<input type=\"hidden\" name=\"_wpcf7_container_post\" value=\"0\" \/>\n<input type=\"hidden\" name=\"_wpcf7_posted_data_hash\" value=\"\" \/>\n<\/div>\n<div class=\"wp-row-ctf7\">\n\t<div class=\"row input-contact\">\n\t\t<div class=\"col-xl-12 col-lg-12 col-md-12 col-sm-12\">\n\t\t\t<p><span class=\"wpcf7-form-control-wrap\" data-name=\"your-name\"><input size=\"40\" maxlength=\"400\" class=\"wpcf7-form-control wpcf7-text wpcf7-validates-as-required\" autocomplete=\"name\" aria-required=\"true\" aria-invalid=\"false\" placeholder=\"Nombre*\" value=\"\" type=\"text\" name=\"your-name\" \/><\/span><br \/>\n<span class=\"wpcf7-form-control-wrap\" data-name=\"your-email\"><input size=\"40\" maxlength=\"400\" class=\"wpcf7-form-control wpcf7-email wpcf7-validates-as-required wpcf7-text wpcf7-validates-as-email\" autocomplete=\"email\" aria-required=\"true\" aria-invalid=\"false\" placeholder=\"Direcci\u00f3n de correo electr\u00f3nico*\" value=\"\" type=\"email\" name=\"your-email\" \/><\/span><br \/>\n<span class=\"wpcf7-form-control-wrap\" data-name=\"menu-52\"><select class=\"wpcf7-form-control wpcf7-select wpcf7-validates-as-required\" aria-required=\"true\" aria-invalid=\"false\" name=\"menu-52\"><option value=\"Service you need support\">Servicio que necesita soporte<\/option><option value=\"Accuracy in Findings\">Precisi\u00f3n en los hallazgos<\/option><option value=\"Experts Scientists\">Cient\u00edficos expertos<\/option><\/select><\/span><br \/>\n<span class=\"wpcf7-form-control-wrap\" data-name=\"your-message\"><textarea cols=\"40\" rows=\"10\" maxlength=\"2000\" class=\"wpcf7-form-control wpcf7-textarea\" aria-invalid=\"false\" placeholder=\"Su tema\" name=\"your-message\"><\/textarea><\/span>\n\t\t\t<\/p>\n\t\t\t<div class=\"input-filled input-filled-btn\">\n\t\t\t\t<p><button class=\"wpcf7-submit\" type=\"submit\"><span>enviar solicitud<\/span><\/button>\n\t\t\t\t<\/p>\n\t\t\t<\/div>\n\t\t<\/div>\n\t<\/div>\n<\/div><div class=\"wpcf7-response-output\" aria-hidden=\"true\"><\/div>\n<input type=\"hidden\" name=\"trp-form-language\" value=\"es\"\/><\/form>\n<\/div>\n    <\/div>\r\n\t\t\t\t<\/div>\n\t\t\t\t<\/div>\n\t\t            <\/div>\r\n        <\/div>\r\n        \t\t\t<\/div>\n\t\t<\/section>\n\t\t\t\t<div class=\"elementor-element elementor-element-48ed9f40 elementor-widget__width-auto elementor-absolute elementor-widget elementor-widget-pxl_image\" data-id=\"48ed9f40\" data-element_type=\"widget\" data-settings=\"{&quot;_position&quot;:&quot;absolute&quot;}\" data-widget_type=\"pxl_image.default\">\n\t\t\t\t<div class=\"elementor-widget-container\">\n\t\t\t\t\t<div id=\"pxl_image-48ed9f40-6854\" class=\"pxl-image-single pxl-disable-parallax-sm  pxl-image-zoom2\" data-wow-delay=\"ms\"  >\r\n    <div class=\"pxl-item--inner\" data-wow-delay=\"120ms\">\r\n                \r\n                                <div class=\"pxl-item--image\" data-parallax-value=\"\">\r\n                                                    <img decoding=\"async\" width=\"49\" height=\"18\" src=\"https:\/\/www.kleverpolymers.com\/wp-content\/uploads\/2024\/10\/arrow22.png\" class=\"no-lazyload attachment-full\" alt=\"\" \/>                                                                    <\/div>\r\n                                <\/div>\r\n<\/div>\t\t\t\t<\/div>\n\t\t\t\t<\/div>\n\t\t            <\/div>\r\n        <\/div>\r\n        \t\t\t<\/div>\n\t\t<\/section>\n\t\t        <section class=\"elementor-section elementor-top-section elementor-element elementor-element-0683656 elementor-section-full_width elementor-section-height-default elementor-section-height-default pxl-row-scroll-none pxl-zoom-point-false pxl-section-overflow-visible pxl-section-fix-none pxl-full-content-with-space-none pxl-bg-color-none pxl-section-overlay-none\" data-id=\"0683656\" data-element_type=\"section\">\n\n                \n                <div class=\"elementor-container elementor-column-gap-extended\">\n                <div class=\"elementor-column elementor-col-100 elementor-top-column elementor-element elementor-element-0aa6cc1 pxl-column-none pxl-column-overflow-hidden-no\" data-id=\"0aa6cc1\" data-element_type=\"column\">\r\n        <div class=\"elementor-widget-wrap elementor-element-populated\">\r\n                     \r\n                <section class=\"elementor-section elementor-inner-section elementor-element elementor-element-3656785 elementor-section-full_width elementor-section-height-default elementor-section-height-default pxl-row-scroll-none pxl-zoom-point-false pxl-section-overflow-visible pxl-section-fix-none pxl-full-content-with-space-none pxl-bg-color-none pxl-section-overlay-none\" data-id=\"3656785\" data-element_type=\"section\">\n\n                \n        <div class=\"pxl-section-bg-parallax\" data-parallax=\"{&quot;x&quot;:30}\"><\/div>        <div class=\"elementor-container elementor-column-gap-extended\">\n                <div class=\"elementor-column elementor-col-100 elementor-inner-column elementor-element elementor-element-6e922ef pxl-column-none pxl-column-overflow-hidden-no\" data-id=\"6e922ef\" data-element_type=\"column\">\r\n        <div class=\"elementor-widget-wrap elementor-element-populated\">\r\n                     \r\n        \t\t<div class=\"elementor-element elementor-element-ebf6040 elementor-widget elementor-widget-pxl_heading\" data-id=\"ebf6040\" data-element_type=\"widget\" data-widget_type=\"pxl_heading.default\">\n\t\t\t\t<div class=\"elementor-widget-container\">\n\t\t\t\t\t\n<div id=\"pxl-pxl_heading-ebf6040-9496\" class=\"pxl-heading\">\n\t<div class=\"pxl-heading--inner\">\n\t\t\n\t\t<h3 class=\"pxl-item--title style-default highlight-default pxl-split-text split-in-scale\" data-wow-delay=\"450ms\">\n\t\t\t<span class=\"pxl-heading--text\">\n\t\t\t\t\t\t\t\t\t\u00a1Trabajemos inteligentemente!\t\n\t\t\t\t\t\n\n\t\t\t<\/span>\n\t\t<\/h3>\n\t<\/div>\n<\/div>\t\t\t\t<\/div>\n\t\t\t\t<\/div>\n\t\t            <\/div>\r\n        <\/div>\r\n        \t\t\t<\/div>\n\t\t<\/section>\n\t\t            <\/div>\r\n        <\/div>\r\n        \t\t\t<\/div>\n\t\t<\/section>\n\t\t\t\t<\/div>","protected":false},"excerpt":{"rendered":"<p>Seller Source high-quality, ISCC PLUS certified recycled polymers with full traceability and LCA data. Klever Polymers offers reliable supply, technical support, and custom logistics for global manufacturers. Turn Your Recyclables into Value with Trust and Reach If you\u2019re a recycler, compounder, or processor producing quality recycled plastics \u2014 Klever connects you with verified buyers worldwide [&hellip;]<\/p>","protected":false},"author":2,"featured_media":0,"parent":0,"menu_order":0,"comment_status":"closed","ping_status":"closed","template":"","meta":{"footnotes":""},"class_list":["post-34666","page","type-page","status-publish","hentry"],"_links":{"self":[{"href":"https:\/\/www.kleverpolymers.com\/es\/wp-json\/wp\/v2\/pages\/34666","targetHints":{"allow":["GET"]}}],"collection":[{"href":"https:\/\/www.kleverpolymers.com\/es\/wp-json\/wp\/v2\/pages"}],"about":[{"href":"https:\/\/www.kleverpolymers.com\/es\/wp-json\/wp\/v2\/types\/page"}],"author":[{"embeddable":true,"href":"https:\/\/www.kleverpolymers.com\/es\/wp-json\/wp\/v2\/users\/2"}],"replies":[{"embeddable":true,"href":"https:\/\/www.kleverpolymers.com\/es\/wp-json\/wp\/v2\/comments?post=34666"}],"version-history":[{"count":0,"href":"https:\/\/www.kleverpolymers.com\/es\/wp-json\/wp\/v2\/pages\/34666\/revisions"}],"wp:attachment":[{"href":"https:\/\/www.kleverpolymers.com\/es\/wp-json\/wp\/v2\/media?parent=34666"}],"curies":[{"name":"gracias","href":"https:\/\/api.w.org\/{rel}","templated":true}]}}