{"id":34434,"date":"2025-06-23T10:45:39","date_gmt":"2025-06-23T10:45:39","guid":{"rendered":"https:\/\/klever.ctemplate.com\/?page_id=34434"},"modified":"2025-08-19T13:51:28","modified_gmt":"2025-08-19T10:51:28","slug":"responsabilidad-de-sostenibilidad","status":"publish","type":"page","link":"https:\/\/www.kleverpolymers.com\/es\/responsabilidad-de-sostenibilidad\/","title":{"rendered":"Sostenibilidad y Responsabilidad"},"content":{"rendered":"<div data-elementor-type=\"wp-page\" data-elementor-id=\"34434\" class=\"elementor elementor-34434\">\n\t\t\t\t        <section class=\"elementor-section elementor-top-section elementor-element elementor-element-e538f29 elementor-section-content-bottom elementor-section-height-min-height elementor-section-boxed elementor-section-height-default elementor-section-items-middle pxl-row-scroll-none pxl-zoom-point-false pxl-section-overflow-visible pxl-section-fix-none pxl-bg-color-none pxl-section-overlay-none\" data-id=\"e538f29\" data-element_type=\"section\" data-settings=\"{&quot;background_background&quot;:&quot;video&quot;,&quot;background_video_link&quot;:&quot;https:\\\/\\\/www.kleverpolymers.com\\\/wp-content\\\/uploads\\\/2025\\\/06\\\/0623.mp4&quot;,&quot;background_play_on_mobile&quot;:&quot;yes&quot;}\">\n\n                                <div class=\"elementor-background-video-container\">\n                                            <video class=\"elementor-background-video-hosted elementor-html5-video\" autoplay muted playsinline loop><\/video>\n                                    <\/div>\n                            <div class=\"elementor-background-overlay\"><\/div>\n            \n        <div class=\"pxl-section-bg-parallax\" data-parallax=\"{&quot;y&quot;:40}\"><\/div>        <div class=\"elementor-container elementor-column-gap-extended\">\n                <div class=\"elementor-column elementor-col-100 elementor-top-column elementor-element elementor-element-230a7cb pxl-column-none pxl-column-overflow-hidden-no\" data-id=\"230a7cb\" data-element_type=\"column\">\r\n        <div class=\"elementor-widget-wrap elementor-element-populated\">\r\n                     \r\n        \t\t<div class=\"elementor-element elementor-element-29f7356 elementor-widget elementor-widget-pxl_heading\" data-id=\"29f7356\" data-element_type=\"widget\" data-widget_type=\"pxl_heading.default\">\n\t\t\t\t<div class=\"elementor-widget-container\">\n\t\t\t\t\t\n<div id=\"pxl-pxl_heading-29f7356-4002\" class=\"pxl-heading\">\n\t<div class=\"pxl-heading--inner\">\n\t\t\n\t\t<h3 class=\"pxl-item--title style-default highlight-default wow skewIn\" data-wow-delay=\"350ms\">\n\t\t\t<span class=\"pxl-heading--text\">\n\t\t\t\t\t\t\t\t\tSostenibilidad y Responsabilidad\t\n\t\t\t\t\t\n\n\t\t\t<\/span>\n\t\t<\/h3>\n\t<\/div>\n<\/div>\t\t\t\t<\/div>\n\t\t\t\t<\/div>\n\t\t\t\t<div class=\"elementor-element elementor-element-14ef9c6 elementor-widget elementor-widget-pxl_text_editor\" data-id=\"14ef9c6\" data-element_type=\"widget\" data-widget_type=\"pxl_text_editor.default\">\n\t\t\t\t<div class=\"elementor-widget-container\">\n\t\t\t\t\t<div class=\"pxl-text-editor\">\n\t<div class=\"pxl-item--inner wow skewIn\" data-wow-delay=\"450ms\">\n\t\t<p>Este impresionante paisaje proviene de las tierras altas de la regi\u00f3n turca del Mar Negro, un recordatorio constante de lo que buscamos proteger y por qu\u00e9 hacemos lo que hacemos. Queremos que siga siendo as\u00ed. Siempre.<\/p>\t<\/div>\n<\/div>\t\t\t\t<\/div>\n\t\t\t\t<\/div>\n\t\t\t\t<div class=\"elementor-element elementor-element-745ec30 elementor-widget elementor-widget-pxl_divider\" data-id=\"745ec30\" data-element_type=\"widget\" data-widget_type=\"pxl_divider.default\">\n\t\t\t\t<div class=\"elementor-widget-container\">\n\t\t\t\t\t<div class=\"pxl-el-divider wow skewIn\" data-wow-delay=\"550ms\"><\/div>\t\t\t\t<\/div>\n\t\t\t\t<\/div>\n\t\t            <\/div>\r\n        <\/div>\r\n        \t\t\t<\/div>\n\t\t<\/section>\n\t\t        <section class=\"elementor-section elementor-top-section elementor-element elementor-element-21be8f5 elementor-section-boxed elementor-section-height-default elementor-section-height-default pxl-row-scroll-none pxl-zoom-point-false pxl-section-overflow-visible pxl-section-fix-none pxl-bg-color-none pxl-section-overlay-none\" data-id=\"21be8f5\" data-element_type=\"section\">\n\n                \n                <div class=\"elementor-container elementor-column-gap-extended\">\n                <div class=\"elementor-column elementor-col-50 elementor-top-column elementor-element elementor-element-820636b pxl-column-none pxl-column-overflow-hidden-no\" data-id=\"820636b\" data-element_type=\"column\">\r\n        <div class=\"elementor-widget-wrap elementor-element-populated\">\r\n                     \r\n        \t\t<div class=\"elementor-element elementor-element-2b5a7ef elementor-widget elementor-widget-pxl_image\" data-id=\"2b5a7ef\" data-element_type=\"widget\" data-widget_type=\"pxl_image.default\">\n\t\t\t\t<div class=\"elementor-widget-container\">\n\t\t\t\t\t<div id=\"pxl_image-2b5a7ef-9894\" class=\"pxl-image-single pxl-disable-parallax-sm\" data-wow-delay=\"ms\"  >\r\n    <div class=\"pxl-item--inner\" data-wow-delay=\"120ms\">\r\n                \r\n                                <div class=\"pxl-item--image\" data-parallax-value=\"\">\r\n                                                    <img fetchpriority=\"high\" decoding=\"async\" width=\"1000\" height=\"1000\" src=\"https:\/\/www.kleverpolymers.com\/wp-content\/uploads\/2025\/06\/word.png\" class=\"no-lazyload attachment-full\" alt=\"\" \/>                                                                    <\/div>\r\n                                <\/div>\r\n<\/div>\t\t\t\t<\/div>\n\t\t\t\t<\/div>\n\t\t            <\/div>\r\n        <\/div>\r\n                <div class=\"elementor-column elementor-col-50 elementor-top-column elementor-element elementor-element-d81700f pxl-column-none pxl-column-overflow-hidden-no\" data-id=\"d81700f\" data-element_type=\"column\" data-settings=\"{&quot;background_background&quot;:&quot;classic&quot;}\">\r\n        <div class=\"elementor-widget-wrap elementor-element-populated\">\r\n                     \r\n        \t\t<div class=\"elementor-element elementor-element-98af9db elementor-widget elementor-widget-pxl_heading\" data-id=\"98af9db\" data-element_type=\"widget\" data-widget_type=\"pxl_heading.default\">\n\t\t\t\t<div class=\"elementor-widget-container\">\n\t\t\t\t\t\n<div id=\"pxl-pxl_heading-98af9db-4775\" class=\"pxl-heading\">\n\t<div class=\"pxl-heading--inner\">\n\t\t\n\t\t<h3 class=\"pxl-item--title style-default highlight-default pxl-split-text split-in-fade\" data-wow-delay=\"ms\">\n\t\t\t<span class=\"pxl-heading--text\">\n\t\t\t\t\t\t\t\t\tUso eficiente de los recursos\t\n\t\t\t\t\t\n\n\t\t\t<\/span>\n\t\t<\/h3>\n\t<\/div>\n<\/div>\t\t\t\t<\/div>\n\t\t\t\t<\/div>\n\t\t\t\t<div class=\"elementor-element elementor-element-a3e152b elementor-widget elementor-widget-pxl_image\" data-id=\"a3e152b\" data-element_type=\"widget\" data-widget_type=\"pxl_image.default\">\n\t\t\t\t<div class=\"elementor-widget-container\">\n\t\t\t\t\t<div id=\"pxl_image-a3e152b-7336\" class=\"pxl-image-single pxl-disable-parallax-sm   pxl-split-text split-in-fade\" data-wow-delay=\"ms\"  >\r\n    <div class=\"pxl-item--inner\" data-wow-delay=\"120ms\">\r\n                \r\n                                <div class=\"pxl-item--image\" data-parallax-value=\"\">\r\n                                                    <img decoding=\"async\" width=\"445\" height=\"5\" src=\"https:\/\/www.kleverpolymers.com\/wp-content\/uploads\/2024\/10\/line-left-right.png\" class=\"no-lazyload attachment-full\" alt=\"\" \/>                                                                    <\/div>\r\n                                <\/div>\r\n<\/div>\t\t\t\t<\/div>\n\t\t\t\t<\/div>\n\t\t\t\t<div class=\"elementor-element elementor-element-afe2b87 elementor-widget elementor-widget-pxl_text_editor\" data-id=\"afe2b87\" data-element_type=\"widget\" data-widget_type=\"pxl_text_editor.default\">\n\t\t\t\t<div class=\"elementor-widget-container\">\n\t\t\t\t\t<div class=\"pxl-text-editor\">\n\t<div class=\"pxl-item--inner\" data-wow-delay=\"ms\">\n\t\t<p data-start=\"235\" data-end=\"501\">En Klever Polymers, priorizamos la eficiencia de los recursos en cada etapa, desde el abastecimiento y la producci\u00f3n hasta el almacenamiento y la distribuci\u00f3n. Invertimos en tecnolog\u00edas que reducen el consumo energ\u00e9tico y desarrollamos activamente soluciones para proteger el agua y otros recursos naturales.<\/p><p data-start=\"503\" data-end=\"749\">Nuestra mentalidad de cero residuos impulsa cada decisi\u00f3n que tomamos. Al aplicar materiales sostenibles y estrategias de reciclaje eficaces en todas nuestras operaciones, minimizamos el impacto ambiental y maximizamos el valor de los materiales de forma responsable y transparente.<\/p>\t<\/div>\n<\/div>\t\t\t\t<\/div>\n\t\t\t\t<\/div>\n\t\t            <\/div>\r\n        <\/div>\r\n        \t\t\t<\/div>\n\t\t<\/section>\n\t\t<div class=\"elementor-element elementor-element-681a49e e-flex e-con-boxed e-con e-parent\" data-id=\"681a49e\" data-element_type=\"container\">\t\t\t<div class=\"e-con-inner\">\r\n\t\t\t\t\t<\/div>\r\n\t\t\t\t<\/div>\r\n\t\t        <section class=\"elementor-section elementor-top-section elementor-element elementor-element-ae278a3 elementor-section-boxed elementor-section-height-default elementor-section-height-default pxl-row-scroll-none pxl-zoom-point-false pxl-section-overflow-visible pxl-section-fix-none pxl-bg-color-none pxl-section-overlay-none\" data-id=\"ae278a3\" data-element_type=\"section\" data-settings=\"{&quot;background_background&quot;:&quot;classic&quot;}\">\n\n                \n                <div class=\"elementor-container elementor-column-gap-extended\">\n                <div class=\"elementor-column elementor-col-100 elementor-top-column elementor-element elementor-element-737c46e pxl-column-none pxl-column-overflow-hidden-no\" data-id=\"737c46e\" data-element_type=\"column\">\r\n        <div class=\"elementor-widget-wrap elementor-element-populated\">\r\n                     \r\n                <section class=\"elementor-section elementor-inner-section elementor-element elementor-element-1a07dc3 elementor-section-boxed elementor-section-height-default elementor-section-height-default pxl-row-scroll-none pxl-zoom-point-false pxl-section-overflow-visible pxl-section-fix-none pxl-bg-color-none pxl-section-overlay-none\" data-id=\"1a07dc3\" data-element_type=\"section\">\n\n                \n                <div class=\"elementor-container elementor-column-gap-no\">\n                <div class=\"elementor-column elementor-col-50 elementor-inner-column elementor-element elementor-element-34c8c74 pxl-column-none pxl-column-overflow-hidden-no\" data-id=\"34c8c74\" data-element_type=\"column\" data-settings=\"{&quot;background_background&quot;:&quot;classic&quot;}\">\r\n        <div class=\"elementor-widget-wrap elementor-element-populated\">\r\n                                <div class=\"elementor-background-overlay\"><\/div>\r\n         \r\n        \t\t<div class=\"elementor-element elementor-element-9dcb8cb elementor-hidden-laptop elementor-hidden-tablet_extra elementor-widget elementor-widget-pxl_image\" data-id=\"9dcb8cb\" data-element_type=\"widget\" data-widget_type=\"pxl_image.default\">\n\t\t\t\t<div class=\"elementor-widget-container\">\n\t\t\t\t\t<div id=\"pxl_image-9dcb8cb-5208\" class=\"pxl-image-single pxl-disable-parallax-sm   wow skewInRight\" data-wow-delay=\"120ms\"  >\r\n    <div class=\"pxl-item--inner\" data-wow-delay=\"120ms\">\r\n                \r\n                                <div class=\"pxl-item--image\" data-parallax-value=\"\">\r\n                                                    <img decoding=\"async\" width=\"2560\" height=\"1709\" src=\"https:\/\/www.kleverpolymers.com\/wp-content\/uploads\/2025\/06\/Klever-Polymers16-scaled.jpg\" class=\"no-lazyload attachment-full\" alt=\"\" \/>                                                                    <\/div>\r\n                                <\/div>\r\n<\/div>\t\t\t\t<\/div>\n\t\t\t\t<\/div>\n\t\t            <\/div>\r\n        <\/div>\r\n                <div class=\"elementor-column elementor-col-50 elementor-inner-column elementor-element elementor-element-23c1278 pxl-column-none pxl-column-overflow-hidden-no\" data-id=\"23c1278\" data-element_type=\"column\">\r\n        <div class=\"elementor-widget-wrap elementor-element-populated\">\r\n                     \r\n        \t\t<div class=\"elementor-element elementor-element-b1f5241 elementor-widget elementor-widget-pxl_heading\" data-id=\"b1f5241\" data-element_type=\"widget\" data-widget_type=\"pxl_heading.default\">\n\t\t\t\t<div class=\"elementor-widget-container\">\n\t\t\t\t\t\n<div id=\"pxl-pxl_heading-b1f5241-9943\" class=\"pxl-heading\">\n\t<div class=\"pxl-heading--inner\">\n\t\t\t\t\t<div class=\"pxl-item--subtitle wow skewInRight\" data-wow-delay=\"ms\">\n\t\t\t\t<span class=\"pxl-item--subtext\">\n\t\t\t\t\t\t\t\t\t\t<span class=\"\">\u267b\ufe0f Nuestro compromiso con la circularidad<\/span>\n\t\t\t\t<\/span>\n\t\t\t<\/div>\n\t\t\n\t\t<h3 class=\"pxl-item--title style-default highlight-default wow skewIn\" data-wow-delay=\"550ms\">\n\t\t\t<span class=\"pxl-heading--text\">\n\t\t\t\t\t\t\t\t\t\nCreemos en mantener los pl\u00e1sticos en el ciclo de vida y fuera del vertedero. Por eso, nuestro trabajo se centra en: <br>\n\nAbastecimiento de materiales reciclables: priorizamos las materias primas que se pueden reutilizar, readaptar o reprocesar dentro de la industria.<br>\n\nRecuperaci\u00f3n de residuos posindustriales y posconsumo: ampliamos la vida \u00fatil de los pl\u00e1sticos convirti\u00e9ndolos en gr\u00e1nulos de alta calidad para su producci\u00f3n.<br>\n\nSoluciones de circuito cerrado: permitimos a nuestros socios recolectar, reciclar y reintegrar sus propios flujos de desechos.\t\n\t\t\t\t\t\n\n\t\t\t<\/span>\n\t\t<\/h3>\n\t<\/div>\n<\/div>\t\t\t\t<\/div>\n\t\t\t\t<\/div>\n\t\t            <\/div>\r\n        <\/div>\r\n        \t\t\t<\/div>\n\t\t<\/section>\n\t\t        <section class=\"elementor-section elementor-inner-section elementor-element elementor-element-8eb1279 elementor-reverse-tablet elementor-reverse-mobile elementor-section-boxed elementor-section-height-default elementor-section-height-default pxl-row-scroll-none pxl-zoom-point-false pxl-section-overflow-visible pxl-section-fix-none pxl-bg-color-none pxl-section-overlay-none\" data-id=\"8eb1279\" data-element_type=\"section\">\n\n                \n                <div class=\"elementor-container elementor-column-gap-no\">\n                <div class=\"elementor-column elementor-col-50 elementor-inner-column elementor-element elementor-element-a1454a0 pxl-column-none pxl-column-overflow-hidden-no\" data-id=\"a1454a0\" data-element_type=\"column\">\r\n        <div class=\"elementor-widget-wrap elementor-element-populated\">\r\n                     \r\n        \t\t<div class=\"elementor-element elementor-element-99e88d1 elementor-widget elementor-widget-pxl_heading\" data-id=\"99e88d1\" data-element_type=\"widget\" data-widget_type=\"pxl_heading.default\">\n\t\t\t\t<div class=\"elementor-widget-container\">\n\t\t\t\t\t\n<div id=\"pxl-pxl_heading-99e88d1-6761\" class=\"pxl-heading\">\n\t<div class=\"pxl-heading--inner\">\n\t\t\t\t\t<div class=\"pxl-item--subtitle wow skewIn\" data-wow-delay=\"300ms\">\n\t\t\t\t<span class=\"pxl-item--subtext\">\n\t\t\t\t\t\t\t\t\t\t<span class=\"\">La \u00e9tica ambiental en la pr\u00e1ctica<\/span>\n\t\t\t\t<\/span>\n\t\t\t<\/div>\n\t\t\n\t\t<h3 class=\"pxl-item--title style-default highlight-default wow skewIn\" data-wow-delay=\"ms\">\n\t\t\t<span class=\"pxl-heading--text\">\n\t\t\t\t\t\t\t\t\tNo solo cumplimos, somos proactivos.\n<br>\nMateriales certificados ISCC PLUS\n<br>\nTrazabilidad de la cadena de suministro mediante identificaciones de lotes vinculadas a blockchain\n<br>\nTransparencia del impacto del CO\u2082: datos de LCA disponibles para cada producto\n<br>\nHuella de transporte minimizada: almacenamiento inteligente y planificaci\u00f3n de rutas\n<br>\nNuestras estrategias de log\u00edstica y abastecimiento apuntan a reducir las emisiones, el uso de energ\u00eda y la manipulaci\u00f3n innecesaria, porque la sustentabilidad comienza con la eficiencia.\t\n\t\t\t\t\t\n\n\t\t\t<\/span>\n\t\t<\/h3>\n\t<\/div>\n<\/div>\t\t\t\t<\/div>\n\t\t\t\t<\/div>\n\t\t            <\/div>\r\n        <\/div>\r\n                <div class=\"elementor-column elementor-col-50 elementor-inner-column elementor-element elementor-element-8d4f383 pxl-column-none pxl-column-overflow-hidden-no\" data-id=\"8d4f383\" data-element_type=\"column\" data-settings=\"{&quot;background_background&quot;:&quot;classic&quot;}\">\r\n        <div class=\"elementor-widget-wrap elementor-element-populated\">\r\n                                <div class=\"elementor-background-overlay\"><\/div>\r\n         \r\n        \t\t<div class=\"elementor-element elementor-element-33e8fb8 elementor-hidden-laptop elementor-hidden-tablet_extra elementor-widget elementor-widget-pxl_image\" data-id=\"33e8fb8\" data-element_type=\"widget\" data-widget_type=\"pxl_image.default\">\n\t\t\t\t<div class=\"elementor-widget-container\">\n\t\t\t\t\t<div id=\"pxl_image-33e8fb8-1753\" class=\"pxl-image-single pxl-disable-parallax-sm   wow skewIn\" data-wow-delay=\"500ms\"  >\r\n    <div class=\"pxl-item--inner\" data-wow-delay=\"120ms\">\r\n                \r\n                                <div class=\"pxl-item--image\" data-parallax-value=\"\">\r\n                                                    <img loading=\"lazy\" decoding=\"async\" width=\"2560\" height=\"1709\" src=\"https:\/\/www.kleverpolymers.com\/wp-content\/uploads\/2025\/06\/Klever-Polymers-3-scaled.jpg\" class=\"no-lazyload attachment-full\" alt=\"\" \/>                                                                    <\/div>\r\n                                <\/div>\r\n<\/div>\t\t\t\t<\/div>\n\t\t\t\t<\/div>\n\t\t            <\/div>\r\n        <\/div>\r\n        \t\t\t<\/div>\n\t\t<\/section>\n\t\t        <section class=\"elementor-section elementor-inner-section elementor-element elementor-element-fbf08f5 elementor-section-boxed elementor-section-height-default elementor-section-height-default pxl-row-scroll-none pxl-zoom-point-false pxl-section-overflow-visible pxl-section-fix-none pxl-bg-color-none pxl-section-overlay-none\" data-id=\"fbf08f5\" data-element_type=\"section\">\n\n                \n                <div class=\"elementor-container elementor-column-gap-no\">\n                <div class=\"elementor-column elementor-col-50 elementor-inner-column elementor-element elementor-element-0b6cd62 pxl-column-none pxl-column-overflow-hidden-no\" data-id=\"0b6cd62\" data-element_type=\"column\" data-settings=\"{&quot;background_background&quot;:&quot;classic&quot;}\">\r\n        <div class=\"elementor-widget-wrap elementor-element-populated\">\r\n                                <div class=\"elementor-background-overlay\"><\/div>\r\n         \r\n        \t\t<div class=\"elementor-element elementor-element-5805615 elementor-hidden-laptop elementor-hidden-tablet_extra elementor-widget elementor-widget-pxl_image\" data-id=\"5805615\" data-element_type=\"widget\" data-widget_type=\"pxl_image.default\">\n\t\t\t\t<div class=\"elementor-widget-container\">\n\t\t\t\t\t<div id=\"pxl_image-5805615-2902\" class=\"pxl-image-single pxl-disable-parallax-sm   wow skewInRight\" data-wow-delay=\"120ms\"  >\r\n    <div class=\"pxl-item--inner\" data-wow-delay=\"120ms\">\r\n                \r\n                                <div class=\"pxl-item--image\" data-parallax-value=\"\">\r\n                                                    <img loading=\"lazy\" decoding=\"async\" width=\"2560\" height=\"1706\" src=\"https:\/\/www.kleverpolymers.com\/wp-content\/uploads\/2025\/06\/Klever-Polymers5-scaled.jpg\" class=\"no-lazyload attachment-full\" alt=\"\" \/>                                                                    <\/div>\r\n                                <\/div>\r\n<\/div>\t\t\t\t<\/div>\n\t\t\t\t<\/div>\n\t\t            <\/div>\r\n        <\/div>\r\n                <div class=\"elementor-column elementor-col-50 elementor-inner-column elementor-element elementor-element-de04d11 pxl-column-none pxl-column-overflow-hidden-no\" data-id=\"de04d11\" data-element_type=\"column\">\r\n        <div class=\"elementor-widget-wrap elementor-element-populated\">\r\n                     \r\n        \t\t<div class=\"elementor-element elementor-element-6df1b9d elementor-widget elementor-widget-pxl_heading\" data-id=\"6df1b9d\" data-element_type=\"widget\" data-widget_type=\"pxl_heading.default\">\n\t\t\t\t<div class=\"elementor-widget-container\">\n\t\t\t\t\t\n<div id=\"pxl-pxl_heading-6df1b9d-2287\" class=\"pxl-heading\">\n\t<div class=\"pxl-heading--inner\">\n\t\t\t\t\t<div class=\"pxl-item--subtitle wow skewInRight\" data-wow-delay=\"ms\">\n\t\t\t\t<span class=\"pxl-item--subtext\">\n\t\t\t\t\t\t\t\t\t\t<span class=\"\">\ud83c\udf31 Responsabilidad Social<\/span>\n\t\t\t\t<\/span>\n\t\t\t<\/div>\n\t\t\n\t\t<h3 class=\"pxl-item--title style-default highlight-default wow skewIn\" data-wow-delay=\"550ms\">\n\t\t\t<span class=\"pxl-heading--text\">\n\t\t\t\t\t\t\t\t\tLa sostenibilidad no es s\u00f3lo ambiental: es social.\n<br>\nApoyamos el comercio justo en la industria del reciclaje de pl\u00e1stico.\n<br>\nPromovemos el abastecimiento \u00e9tico: garantizamos que ning\u00fan residuo no rastreable, ilegal o peligroso para el medio ambiente ingrese a nuestra cadena de suministro.\n<br>\nInvertimos en iniciativas educativas y capacitaci\u00f3n para mejorar la conciencia circular entre clientes y socios.\n<br>\nTrabajamos con diversos socios, incluidos peque\u00f1os recicladores y procesadores regionales.\n<br>\nCreemos que la circularidad debe ser inclusiva para ser efectiva.\t\n\t\t\t\t\t\n\n\t\t\t<\/span>\n\t\t<\/h3>\n\t<\/div>\n<\/div>\t\t\t\t<\/div>\n\t\t\t\t<\/div>\n\t\t            <\/div>\r\n        <\/div>\r\n        \t\t\t<\/div>\n\t\t<\/section>\n\t\t        <section class=\"elementor-section elementor-inner-section elementor-element elementor-element-a7b4da7 elementor-section-boxed elementor-section-height-default elementor-section-height-default pxl-row-scroll-none pxl-zoom-point-false pxl-section-overflow-visible pxl-section-fix-none pxl-bg-color-none pxl-section-overlay-none\" data-id=\"a7b4da7\" data-element_type=\"section\">\n\n                \n                <div class=\"elementor-container elementor-column-gap-no\">\n                <div class=\"elementor-column elementor-col-50 elementor-inner-column elementor-element elementor-element-33b2213 pxl-column-none pxl-column-overflow-hidden-no\" data-id=\"33b2213\" data-element_type=\"column\">\r\n        <div class=\"elementor-widget-wrap elementor-element-populated\">\r\n                     \r\n        \t\t<div class=\"elementor-element elementor-element-79b5d5d elementor-widget elementor-widget-pxl_heading\" data-id=\"79b5d5d\" data-element_type=\"widget\" data-widget_type=\"pxl_heading.default\">\n\t\t\t\t<div class=\"elementor-widget-container\">\n\t\t\t\t\t\n<div id=\"pxl-pxl_heading-79b5d5d-3923\" class=\"pxl-heading\">\n\t<div class=\"pxl-heading--inner\">\n\t\t\t\t\t<div class=\"pxl-item--subtitle wow skewIn\" data-wow-delay=\"300ms\">\n\t\t\t\t<span class=\"pxl-item--subtext\">\n\t\t\t\t\t\t\t\t\t\t<span class=\"\">\ud83e\udded Nuestra Visi\u00f3n de Futuro<\/span>\n\t\t\t\t<\/span>\n\t\t\t<\/div>\n\t\t\n\t\t<h3 class=\"pxl-item--title style-default highlight-default wow skewIn\" data-wow-delay=\"ms\">\n\t\t\t<span class=\"pxl-heading--text\">\n\t\t\t\t\t\t\t\t\tNos comprometemos a:\n<br>\nAumentar nuestra cuota de grados aprobados para contacto con alimentos y de materiales monomateriales\n<br>\nInvertir en sistemas de trazabilidad digital\n<br>\nApoyar los objetivos de reducci\u00f3n de residuos de envases (por ejemplo, PPWR)\n<br>\nAlineaci\u00f3n con los Objetivos de Desarrollo Sostenible (ODS) de la ONU\n<br>\nNuestro objetivo a largo plazo es ser un l\u00edder regional en pol\u00edmeros reciclados de bajo contenido de carbono, trazables y de origen \u00e9tico.\t\n\t\t\t\t\t\n\n\t\t\t<\/span>\n\t\t<\/h3>\n\t<\/div>\n<\/div>\t\t\t\t<\/div>\n\t\t\t\t<\/div>\n\t\t            <\/div>\r\n        <\/div>\r\n                <div class=\"elementor-column elementor-col-50 elementor-inner-column elementor-element elementor-element-d521cf3 pxl-column-none pxl-column-overflow-hidden-no\" data-id=\"d521cf3\" data-element_type=\"column\" data-settings=\"{&quot;background_background&quot;:&quot;classic&quot;}\">\r\n        <div class=\"elementor-widget-wrap elementor-element-populated\">\r\n                                <div class=\"elementor-background-overlay\"><\/div>\r\n         \r\n        \t\t<div class=\"elementor-element elementor-element-724d69b elementor-hidden-laptop elementor-hidden-tablet_extra elementor-widget elementor-widget-pxl_image\" data-id=\"724d69b\" data-element_type=\"widget\" data-widget_type=\"pxl_image.default\">\n\t\t\t\t<div class=\"elementor-widget-container\">\n\t\t\t\t\t<div id=\"pxl_image-724d69b-5477\" class=\"pxl-image-single pxl-disable-parallax-sm   wow skewIn\" data-wow-delay=\"500ms\"  >\r\n    <div class=\"pxl-item--inner\" data-wow-delay=\"120ms\">\r\n                \r\n                                <div class=\"pxl-item--image\" data-parallax-value=\"\">\r\n                                                    <img loading=\"lazy\" decoding=\"async\" width=\"2560\" height=\"1707\" src=\"https:\/\/www.kleverpolymers.com\/wp-content\/uploads\/2025\/05\/concept-of-save-the-world-and-recycling-2025-03-27-01-58-50-utc-min-scaled.jpg\" class=\"no-lazyload attachment-full\" alt=\"\" \/>                                                                    <\/div>\r\n                                <\/div>\r\n<\/div>\t\t\t\t<\/div>\n\t\t\t\t<\/div>\n\t\t            <\/div>\r\n        <\/div>\r\n        \t\t\t<\/div>\n\t\t<\/section>\n\t\t            <\/div>\r\n        <\/div>\r\n        \t\t\t<\/div>\n\t\t<\/section>\n\t\t\t\t<\/div>","protected":false},"excerpt":{"rendered":"<p>Sustainability &#038; Responsibility This breathtaking landscape is from the highlands of the Turkish Black Sea region \u2014 a constant reminder of what we aim to protect, and why we do what we do. We want it to stay this way. Always. Efficient Use of Resources At Klever Polymers, we prioritize resource efficiency at every stage [&hellip;]<\/p>","protected":false},"author":2,"featured_media":0,"parent":0,"menu_order":0,"comment_status":"closed","ping_status":"closed","template":"","meta":{"footnotes":""},"class_list":["post-34434","page","type-page","status-publish","hentry"],"_links":{"self":[{"href":"https:\/\/www.kleverpolymers.com\/es\/wp-json\/wp\/v2\/pages\/34434","targetHints":{"allow":["GET"]}}],"collection":[{"href":"https:\/\/www.kleverpolymers.com\/es\/wp-json\/wp\/v2\/pages"}],"about":[{"href":"https:\/\/www.kleverpolymers.com\/es\/wp-json\/wp\/v2\/types\/page"}],"author":[{"embeddable":true,"href":"https:\/\/www.kleverpolymers.com\/es\/wp-json\/wp\/v2\/users\/2"}],"replies":[{"embeddable":true,"href":"https:\/\/www.kleverpolymers.com\/es\/wp-json\/wp\/v2\/comments?post=34434"}],"version-history":[{"count":0,"href":"https:\/\/www.kleverpolymers.com\/es\/wp-json\/wp\/v2\/pages\/34434\/revisions"}],"wp:attachment":[{"href":"https:\/\/www.kleverpolymers.com\/es\/wp-json\/wp\/v2\/media?parent=34434"}],"curies":[{"name":"gracias","href":"https:\/\/api.w.org\/{rel}","templated":true}]}}